{"id":4,"date":"2012-03-31T10:50:08","date_gmt":"2012-03-31T09:50:08","guid":{"rendered":"http:\/\/dr-birsan.net\/index.php\/?page_id=4"},"modified":"2023-09-24T17:20:26","modified_gmt":"2023-09-24T16:20:26","slug":"home","status":"publish","type":"page","link":"https:\/\/dr-birsan.net\/","title":{"rendered":"&nbsp;"},"content":{"rendered":"<h2><span style=\"color: #333333; font-family: helvetica;\"><a href=\"https:\/\/dr-birsan.net\/wp-content\/uploads\/2023\/09\/OA-Priv.-Doz.-Dr.-Tubor-Birsan-1-scaled.jpg\"><img loading=\"lazy\" decoding=\"async\" class=\"alignnone size-medium wp-image-15121\" src=\"https:\/\/dr-birsan.net\/wp-content\/uploads\/2023\/09\/OA-Priv.-Doz.-Dr.-Tubor-Birsan-1-300x200.jpg\" alt=\"\" width=\"300\" height=\"200\" srcset=\"https:\/\/dr-birsan.net\/wp-content\/uploads\/2023\/09\/OA-Priv.-Doz.-Dr.-Tubor-Birsan-1-300x200.jpg 300w, https:\/\/dr-birsan.net\/wp-content\/uploads\/2023\/09\/OA-Priv.-Doz.-Dr.-Tubor-Birsan-1-1024x683.jpg 1024w, https:\/\/dr-birsan.net\/wp-content\/uploads\/2023\/09\/OA-Priv.-Doz.-Dr.-Tubor-Birsan-1-768x512.jpg 768w, https:\/\/dr-birsan.net\/wp-content\/uploads\/2023\/09\/OA-Priv.-Doz.-Dr.-Tubor-Birsan-1-1536x1025.jpg 1536w, https:\/\/dr-birsan.net\/wp-content\/uploads\/2023\/09\/OA-Priv.-Doz.-Dr.-Tubor-Birsan-1-2048x1366.jpg 2048w\" sizes=\"(max-width: 300px) 100vw, 300px\" \/><\/a><\/span><\/h2>\n<h2><span style=\"color: #333333; font-family: helvetica;\">Priv.-Doz. Dr. Tudor B\u00ceRSAN, FEBS\/Coloproctology<\/span><\/h2>\n<h3><span style=\"font-family: helvetica;\">Facharzt f\u00fcr Allgemein- und Viszeralchirurgie<\/span><\/h3>\n<h3><span style=\"font-family: helvetica;\">Europ\u00e4isches Facharztdiplom f\u00fcr Koloproktologie<\/span><\/h3>\n<p>&nbsp;<\/p>\n<p><span style=\"font-family: helvetica;\"><strong><span style=\"color: #333333;\">Ordination:<\/span><\/strong><\/span><\/p>\n<p><span style=\"font-family: helvetica;\">Schoellerhofgasse 5 (Ecke Gredlerstrasse)<\/span><\/p>\n<p><span style=\"font-family: helvetica;\">1020 Wien<\/span><\/p>\n<p><span style=\"font-family: helvetica;\">Tel: +43 (0)650 319 25 86<\/span><\/p>\n<p><span style=\"font-family: helvetica;\">E-mail: office@dr-birsan.net<\/span><\/p>\n<p><span style=\"font-family: helvetica;\"><strong><em>Keine Kassen<\/em><\/strong><\/span><\/p>\n<p>&nbsp;<\/p>\n","protected":false},"excerpt":{"rendered":"<p>Priv.-Doz. Dr. Tudor B\u00ceRSAN, FEBS\/Coloproctology Facharzt f\u00fcr Allgemein- und Viszeralchirurgie Europ\u00e4isches Facharztdiplom f\u00fcr Koloproktologie &nbsp; Ordination: Schoellerhofgasse 5 (Ecke Gredlerstrasse) 1020 Wien Tel: +43 (0)650 319 25 86 E-mail: office@dr-birsan.net Keine Kassen &nbsp;<\/p>\n","protected":false},"author":1,"featured_media":0,"parent":0,"menu_order":0,"comment_status":"closed","ping_status":"closed","template":"","meta":{"footnotes":""},"_links":{"self":[{"href":"https:\/\/dr-birsan.net\/index.php?rest_route=\/wp\/v2\/pages\/4"}],"collection":[{"href":"https:\/\/dr-birsan.net\/index.php?rest_route=\/wp\/v2\/pages"}],"about":[{"href":"https:\/\/dr-birsan.net\/index.php?rest_route=\/wp\/v2\/types\/page"}],"author":[{"embeddable":true,"href":"https:\/\/dr-birsan.net\/index.php?rest_route=\/wp\/v2\/users\/1"}],"replies":[{"embeddable":true,"href":"https:\/\/dr-birsan.net\/index.php?rest_route=%2Fwp%2Fv2%2Fcomments&post=4"}],"version-history":[{"count":40,"href":"https:\/\/dr-birsan.net\/index.php?rest_route=\/wp\/v2\/pages\/4\/revisions"}],"predecessor-version":[{"id":15122,"href":"https:\/\/dr-birsan.net\/index.php?rest_route=\/wp\/v2\/pages\/4\/revisions\/15122"}],"wp:attachment":[{"href":"https:\/\/dr-birsan.net\/index.php?rest_route=%2Fwp%2Fv2%2Fmedia&parent=4"}],"curies":[{"name":"wp","href":"https:\/\/api.w.org\/{rel}","templated":true}]}}