{"id":47,"date":"2013-04-24T12:36:34","date_gmt":"2013-04-24T11:36:34","guid":{"rendered":"http:\/\/dr-birsan.net\/?page_id=47"},"modified":"2019-02-13T16:16:44","modified_gmt":"2019-02-13T15:16:44","slug":"francais","status":"publish","type":"page","link":"https:\/\/dr-birsan.net\/?page_id=47","title":{"rendered":"Fran\u00e7ais"},"content":{"rendered":"<p><strong>M\u00e9decin sp\u00e9cialiste chirurgie g\u00e9n\u00e9rale et visc\u00e9rale, dipl\u00f4me europ\u00e9en de coloproctologie<\/strong><\/p>\n<p>&nbsp;<\/p>\n<p><strong>Chirurgie g\u00e9n\u00e9rale et visc\u00e9rale (digestive):<\/strong><\/p>\n<p>Op\u00e9rations de l&#8217;estomac, intestin gr\u00eale, appendice, c\u00f4lon, rectum, v\u00e9sicule biliaire<\/p>\n<p>Op\u00e9rations de hernie (hernie de l&#8217;aine, \u00e9ventration)<\/p>\n<p>Traitement des maladies de l&#8217;anus: h\u00e9morro\u00efdes, fissure anale, fistule anale<\/p>\n<p>Op\u00e9rations de la thyro\u00efde<\/p>\n<p>&nbsp;<\/p>\n<p><strong>Expertise:<\/strong><\/p>\n<p>Chirurgie coelioscopique<\/p>\n<p>Cancer du c\u00f4lon et du rectum<\/p>\n<p>Maladie de Crohn, rectocolite h\u00e9morragique<\/p>\n<p>Diverticulose colique<\/p>\n<p>Proctologie: h\u00e9morro\u00efdes, fissure anale, fistule anale<\/p>\n<p>Maladies tyhro\u00efdiennes<\/p>\n","protected":false},"excerpt":{"rendered":"<p>M\u00e9decin sp\u00e9cialiste chirurgie g\u00e9n\u00e9rale et visc\u00e9rale, dipl\u00f4me europ\u00e9en de coloproctologie &nbsp; Chirurgie g\u00e9n\u00e9rale et visc\u00e9rale (digestive): Op\u00e9rations de l&#8217;estomac, intestin gr\u00eale, appendice, c\u00f4lon, rectum, v\u00e9sicule biliaire Op\u00e9rations de hernie (hernie de l&#8217;aine, \u00e9ventration) Traitement des maladies de l&#8217;anus: h\u00e9morro\u00efdes, fissure anale, fistule anale Op\u00e9rations de la thyro\u00efde &nbsp; Expertise: Chirurgie coelioscopique Cancer du c\u00f4lon et [&hellip;]<\/p>\n","protected":false},"author":2,"featured_media":0,"parent":0,"menu_order":4,"comment_status":"open","ping_status":"open","template":"","meta":{"footnotes":""},"_links":{"self":[{"href":"https:\/\/dr-birsan.net\/index.php?rest_route=\/wp\/v2\/pages\/47"}],"collection":[{"href":"https:\/\/dr-birsan.net\/index.php?rest_route=\/wp\/v2\/pages"}],"about":[{"href":"https:\/\/dr-birsan.net\/index.php?rest_route=\/wp\/v2\/types\/page"}],"author":[{"embeddable":true,"href":"https:\/\/dr-birsan.net\/index.php?rest_route=\/wp\/v2\/users\/2"}],"replies":[{"embeddable":true,"href":"https:\/\/dr-birsan.net\/index.php?rest_route=%2Fwp%2Fv2%2Fcomments&post=47"}],"version-history":[{"count":9,"href":"https:\/\/dr-birsan.net\/index.php?rest_route=\/wp\/v2\/pages\/47\/revisions"}],"predecessor-version":[{"id":108,"href":"https:\/\/dr-birsan.net\/index.php?rest_route=\/wp\/v2\/pages\/47\/revisions\/108"}],"wp:attachment":[{"href":"https:\/\/dr-birsan.net\/index.php?rest_route=%2Fwp%2Fv2%2Fmedia&parent=47"}],"curies":[{"name":"wp","href":"https:\/\/api.w.org\/{rel}","templated":true}]}}