{"id":54,"date":"2013-04-24T12:47:31","date_gmt":"2013-04-24T11:47:31","guid":{"rendered":"http:\/\/dr-birsan.net\/?page_id=54"},"modified":"2019-02-13T16:17:39","modified_gmt":"2019-02-13T15:17:39","slug":"romana","status":"publish","type":"page","link":"https:\/\/dr-birsan.net\/?page_id=54","title":{"rendered":"Rom\u00e2n\u0103"},"content":{"rendered":"<p><strong>Medic specialist chirurgie general\u0103 \u0219i visceral\u0103 (digestiv\u0103), diplom\u0103 european\u0103 de coloproctologie<\/strong><\/p>\n<p>&nbsp;<\/p>\n<p><strong>Chirurgie general\u0103 \u0219i visceral\u0103 (digestiv\u0103):<\/strong><\/p>\n<p>Opera\u021bii de stomac, intestin sub\u021bire, apendice, colon, rect, vezic\u0103 biliar\u0103\/colecist<\/p>\n<p>Opera\u021bii de hernie (hernie inguinal\u0103, hernie cicatricial\u0103)<\/p>\n<p>Tratamentul afec\u021biunilor anusului: hemoroizi, fisur\u0103 anal\u0103, fistul\u0103 anal\u0103<\/p>\n<p>Opera\u021bii de tiroid\u0103<\/p>\n<p>&nbsp;<\/p>\n<p><strong>Domenii de specialitate:<\/strong><\/p>\n<p>Chirurgie laparoscopic\u0103<\/p>\n<p>Cancer de colon si rect<\/p>\n<p>Maladii inflamatoare ale intestinului (boala lui Crohn, colita ulceroas\u0103\/ulcerativ\u0103)<\/p>\n<p>Diverticulit\u0103<\/p>\n<p>Proctologie<\/p>\n<p>Patologii tiroidiene<\/p>\n","protected":false},"excerpt":{"rendered":"<p>Medic specialist chirurgie general\u0103 \u0219i visceral\u0103 (digestiv\u0103), diplom\u0103 european\u0103 de coloproctologie &nbsp; Chirurgie general\u0103 \u0219i visceral\u0103 (digestiv\u0103): Opera\u021bii de stomac, intestin sub\u021bire, apendice, colon, rect, vezic\u0103 biliar\u0103\/colecist Opera\u021bii de hernie (hernie inguinal\u0103, hernie cicatricial\u0103) Tratamentul afec\u021biunilor anusului: hemoroizi, fisur\u0103 anal\u0103, fistul\u0103 anal\u0103 Opera\u021bii de tiroid\u0103 &nbsp; Domenii de specialitate: Chirurgie laparoscopic\u0103 Cancer de colon si [&hellip;]<\/p>\n","protected":false},"author":2,"featured_media":0,"parent":0,"menu_order":5,"comment_status":"open","ping_status":"open","template":"","meta":{"footnotes":""},"_links":{"self":[{"href":"https:\/\/dr-birsan.net\/index.php?rest_route=\/wp\/v2\/pages\/54"}],"collection":[{"href":"https:\/\/dr-birsan.net\/index.php?rest_route=\/wp\/v2\/pages"}],"about":[{"href":"https:\/\/dr-birsan.net\/index.php?rest_route=\/wp\/v2\/types\/page"}],"author":[{"embeddable":true,"href":"https:\/\/dr-birsan.net\/index.php?rest_route=\/wp\/v2\/users\/2"}],"replies":[{"embeddable":true,"href":"https:\/\/dr-birsan.net\/index.php?rest_route=%2Fwp%2Fv2%2Fcomments&post=54"}],"version-history":[{"count":8,"href":"https:\/\/dr-birsan.net\/index.php?rest_route=\/wp\/v2\/pages\/54\/revisions"}],"predecessor-version":[{"id":110,"href":"https:\/\/dr-birsan.net\/index.php?rest_route=\/wp\/v2\/pages\/54\/revisions\/110"}],"wp:attachment":[{"href":"https:\/\/dr-birsan.net\/index.php?rest_route=%2Fwp%2Fv2%2Fmedia&parent=54"}],"curies":[{"name":"wp","href":"https:\/\/api.w.org\/{rel}","templated":true}]}}